{"id":13071,"date":"2024-03-12T11:49:47","date_gmt":"2024-03-12T10:49:47","guid":{"rendered":"https:\/\/6.formation-wp.doublegcoaching.be\/?page_id=34"},"modified":"2024-03-12T11:49:47","modified_gmt":"2024-03-12T10:49:47","slug":"evenements-2","status":"publish","type":"page","link":"https:\/\/samadhi-massage.ovh\/?page_id=13071","title":{"rendered":"Ev\u00e9nements"},"content":{"rendered":"\t\t<div data-elementor-type=\"wp-page\" data-elementor-id=\"13071\" class=\"elementor elementor-13071\" data-elementor-post-type=\"page\">\n\t\t\t\t<div class=\"elementor-element elementor-element-dd511c1 e-con-full e-flex e-con e-parent\" data-id=\"dd511c1\" data-element_type=\"container\">\n\t\t\t\t<div class=\"elementor-element elementor-element-659051c elementor-widget elementor-widget-heading\" data-id=\"659051c\" data-element_type=\"widget\" data-widget_type=\"heading.default\">\n\t\t\t\t<div class=\"elementor-widget-container\">\n\t\t\t<style>\/*! elementor - v3.21.0 - 25-04-2024 *\/\n.elementor-heading-title{padding:0;margin:0;line-height:1}.elementor-widget-heading .elementor-heading-title[class*=elementor-size-]>a{color:inherit;font-size:inherit;line-height:inherit}.elementor-widget-heading .elementor-heading-title.elementor-size-small{font-size:15px}.elementor-widget-heading .elementor-heading-title.elementor-size-medium{font-size:19px}.elementor-widget-heading .elementor-heading-title.elementor-size-large{font-size:29px}.elementor-widget-heading .elementor-heading-title.elementor-size-xl{font-size:39px}.elementor-widget-heading .elementor-heading-title.elementor-size-xxl{font-size:59px}<\/style><h2 class=\"elementor-heading-title elementor-size-default\">WE yoga et ayurveda<\/h2>\t\t<\/div>\n\t\t\t\t<\/div>\n\t\t\t\t<\/div>\n\t\t<div class=\"elementor-element elementor-element-dafdb8f e-con-full e-flex e-con e-parent\" data-id=\"dafdb8f\" data-element_type=\"container\">\n\t\t\t\t<div class=\"elementor-element elementor-element-3371a6e elementor-widget elementor-widget-text-editor\" data-id=\"3371a6e\" data-element_type=\"widget\" data-widget_type=\"text-editor.default\">\n\t\t\t\t<div class=\"elementor-widget-container\">\n\t\t\t<style>\/*! elementor - v3.21.0 - 25-04-2024 *\/\n.elementor-widget-text-editor.elementor-drop-cap-view-stacked .elementor-drop-cap{background-color:#69727d;color:#fff}.elementor-widget-text-editor.elementor-drop-cap-view-framed .elementor-drop-cap{color:#69727d;border:3px solid;background-color:transparent}.elementor-widget-text-editor:not(.elementor-drop-cap-view-default) .elementor-drop-cap{margin-top:8px}.elementor-widget-text-editor:not(.elementor-drop-cap-view-default) .elementor-drop-cap-letter{width:1em;height:1em}.elementor-widget-text-editor .elementor-drop-cap{float:left;text-align:center;line-height:1;font-size:50px}.elementor-widget-text-editor .elementor-drop-cap-letter{display:inline-block}<\/style>\t\t\t\t<p lang=\"fr-BE\"><span style=\"font-family: Calibri, serif\"><span style=\"font-size: medium\">Venez prendre du temps pour vous lors d\u2019un WE de l\u00e2cher-prise et de reconnexion en pleine nature. 3 professionnels dipl\u00f4m\u00e9s vous accueillent pour partager autour de l\u2019ayurv\u00e9da et du yoga (Vini yoga)<\/span><\/span><\/p>\t\t\t\t\t\t<\/div>\n\t\t\t\t<\/div>\n\t\t\t\t<\/div>\n\t\t<div class=\"elementor-element elementor-element-7094003 e-flex e-con-boxed e-con e-parent\" data-id=\"7094003\" data-element_type=\"container\">\n\t\t\t\t\t<div class=\"e-con-inner\">\n\t\t<div class=\"elementor-element elementor-element-919492f e-con-full e-flex e-con e-child\" data-id=\"919492f\" data-element_type=\"container\">\n\t\t\t\t<div class=\"elementor-element elementor-element-60b41de elementor-view-default elementor-widget elementor-widget-icon\" data-id=\"60b41de\" data-element_type=\"widget\" data-widget_type=\"icon.default\">\n\t\t\t\t<div class=\"elementor-widget-container\">\n\t\t\t\t\t<div class=\"elementor-icon-wrapper\">\n\t\t\t<div class=\"elementor-icon\">\n\t\t\t<svg aria-hidden=\"true\" class=\"e-font-icon-svg e-far-calendar-alt\" viewBox=\"0 0 448 512\" xmlns=\"http:\/\/www.w3.org\/2000\/svg\"><path d=\"M148 288h-40c-6.6 0-12-5.4-12-12v-40c0-6.6 5.4-12 12-12h40c6.6 0 12 5.4 12 12v40c0 6.6-5.4 12-12 12zm108-12v-40c0-6.6-5.4-12-12-12h-40c-6.6 0-12 5.4-12 12v40c0 6.6 5.4 12 12 12h40c6.6 0 12-5.4 12-12zm96 0v-40c0-6.6-5.4-12-12-12h-40c-6.6 0-12 5.4-12 12v40c0 6.6 5.4 12 12 12h40c6.6 0 12-5.4 12-12zm-96 96v-40c0-6.6-5.4-12-12-12h-40c-6.6 0-12 5.4-12 12v40c0 6.6 5.4 12 12 12h40c6.6 0 12-5.4 12-12zm-96 0v-40c0-6.6-5.4-12-12-12h-40c-6.6 0-12 5.4-12 12v40c0 6.6 5.4 12 12 12h40c6.6 0 12-5.4 12-12zm192 0v-40c0-6.6-5.4-12-12-12h-40c-6.6 0-12 5.4-12 12v40c0 6.6 5.4 12 12 12h40c6.6 0 12-5.4 12-12zm96-260v352c0 26.5-21.5 48-48 48H48c-26.5 0-48-21.5-48-48V112c0-26.5 21.5-48 48-48h48V12c0-6.6 5.4-12 12-12h40c6.6 0 12 5.4 12 12v52h128V12c0-6.6 5.4-12 12-12h40c6.6 0 12 5.4 12 12v52h48c26.5 0 48 21.5 48 48zm-48 346V160H48v298c0 3.3 2.7 6 6 6h340c3.3 0 6-2.7 6-6z\"><\/path><\/svg>\t\t\t<\/div>\n\t\t<\/div>\n\t\t\t\t<\/div>\n\t\t\t\t<\/div>\n\t\t\t\t<\/div>\n\t\t<div class=\"elementor-element elementor-element-ed2c2be e-con-full e-flex e-con e-child\" data-id=\"ed2c2be\" data-element_type=\"container\">\n\t\t<div class=\"elementor-element elementor-element-95a06dd e-flex e-con-boxed e-con e-child\" data-id=\"95a06dd\" data-element_type=\"container\">\n\t\t\t\t\t<div class=\"e-con-inner\">\n\t\t\t\t<div class=\"elementor-element elementor-element-eee0e8f elementor-widget elementor-widget-heading\" data-id=\"eee0e8f\" data-element_type=\"widget\" data-widget_type=\"heading.default\">\n\t\t\t\t<div class=\"elementor-widget-container\">\n\t\t\t<h2 class=\"elementor-heading-title elementor-size-default\">O\u00f9<\/h2>\t\t<\/div>\n\t\t\t\t<\/div>\n\t\t\t\t\t<\/div>\n\t\t\t\t<\/div>\n\t\t\t\t<\/div>\n\t\t\t\t\t<\/div>\n\t\t\t\t<\/div>\n\t\t<div class=\"elementor-element elementor-element-49f290b e-flex e-con-boxed e-con e-parent\" data-id=\"49f290b\" data-element_type=\"container\">\n\t\t\t\t\t<div class=\"e-con-inner\">\n\t\t<div class=\"elementor-element elementor-element-a422e59 e-con-full e-flex e-con e-child\" data-id=\"a422e59\" data-element_type=\"container\">\n\t\t\t\t<div class=\"elementor-element elementor-element-39dd5d3 elementor-widget elementor-widget-text-editor\" data-id=\"39dd5d3\" data-element_type=\"widget\" data-widget_type=\"text-editor.default\">\n\t\t\t\t<div class=\"elementor-widget-container\">\n\t\t\t\t\t\t\t<p>Samedi 1 et dimanche 2 juin 2014<\/p>\t\t\t\t\t\t<\/div>\n\t\t\t\t<\/div>\n\t\t\t\t<\/div>\n\t\t<div class=\"elementor-element elementor-element-c4afa45 e-con-full e-flex e-con e-child\" data-id=\"c4afa45\" data-element_type=\"container\">\n\t\t\t\t<div class=\"elementor-element elementor-element-1994b65 elementor-widget__width-initial elementor-widget elementor-widget-image\" data-id=\"1994b65\" data-element_type=\"widget\" data-widget_type=\"image.default\">\n\t\t\t\t<div class=\"elementor-widget-container\">\n\t\t\t<style>\/*! elementor - v3.21.0 - 25-04-2024 *\/\n.elementor-widget-image{text-align:center}.elementor-widget-image a{display:inline-block}.elementor-widget-image a img[src$=\".svg\"]{width:48px}.elementor-widget-image img{vertical-align:middle;display:inline-block}<\/style>\t\t\t\t\t\t\t\t\t\t\t<a href=\"https:\/\/www.mozet.be\/bienvenue\/\">\n\t\t\t\t\t\t\t<img decoding=\"async\" src=\"https:\/\/www.mozet.be\/wp-content\/uploads\/2023\/01\/com-facebook-CV-35.png\" title=\"\" alt=\"\" loading=\"lazy\" \/>\t\t\t\t\t\t\t\t<\/a>\n\t\t\t\t\t\t\t\t\t\t\t\t\t<\/div>\n\t\t\t\t<\/div>\n\t\t\t\t<\/div>\n\t\t<div class=\"elementor-element elementor-element-d922117 e-con-full e-flex e-con e-child\" data-id=\"d922117\" data-element_type=\"container\">\n\t\t\t\t<div class=\"elementor-element elementor-element-a74ddba elementor-widget elementor-widget-text-editor\" data-id=\"a74ddba\" data-element_type=\"widget\" data-widget_type=\"text-editor.default\">\n\t\t\t\t<div class=\"elementor-widget-container\">\n\t\t\t\t\t\t\t<p><span style=\"font-size: medium\">Domaine de Mozet<\/span><\/p><p><span style=\"font-size: medium\">Rue du Tronquoy, 2 &#8211; 5340 Mozet, Belgique<\/span><\/p>\t\t\t\t\t\t<\/div>\n\t\t\t\t<\/div>\n\t\t\t\t<\/div>\n\t\t\t\t\t<\/div>\n\t\t\t\t<\/div>\n\t\t<div class=\"elementor-element elementor-element-01693ef e-flex e-con-boxed e-con e-parent\" data-id=\"01693ef\" data-element_type=\"container\">\n\t\t\t\t\t<div class=\"e-con-inner\">\n\t\t\t\t<div class=\"elementor-element elementor-element-327afe5 elementor-widget elementor-widget-heading\" data-id=\"327afe5\" data-element_type=\"widget\" data-widget_type=\"heading.default\">\n\t\t\t\t<div class=\"elementor-widget-container\">\n\t\t\t<h2 class=\"elementor-heading-title elementor-size-default\">Au programme<\/h2>\t\t<\/div>\n\t\t\t\t<\/div>\n\t\t\t\t\t<\/div>\n\t\t\t\t<\/div>\n\t\t<div class=\"elementor-element elementor-element-c59be80 e-flex e-con-boxed e-con e-parent\" data-id=\"c59be80\" data-element_type=\"container\">\n\t\t\t\t\t<div class=\"e-con-inner\">\n\t\t\t\t<div class=\"elementor-element elementor-element-bd3ffa4 elementor-widget elementor-widget-text-editor\" data-id=\"bd3ffa4\" data-element_type=\"widget\" data-widget_type=\"text-editor.default\">\n\t\t\t\t<div class=\"elementor-widget-container\">\n\t\t\t\t\t\t\t<ol><li><strong>D\u00e9couverte de l&rsquo;ayurv\u00e9da et sa cuisine<\/strong>: un peu de th\u00e9orie + ateliers pratiques<\/li><li><strong>Viniyoga<\/strong>: 1 s\u00e9ance par jour (accessible aux d\u00e9butants)<\/li><li><strong>M\u00e9ditation<\/strong>, marche m\u00e9ditative dans la nature<\/li><li><strong>Massage<\/strong> \u00e0 l\u2019huile chaude (optionnel): pendant les temps libres, vous pourrez demander un massage.<\/li><\/ol>\t\t\t\t\t\t<\/div>\n\t\t\t\t<\/div>\n\t\t\t\t\t<\/div>\n\t\t\t\t<\/div>\n\t\t<div class=\"elementor-element elementor-element-91d2d1f e-flex e-con-boxed e-con e-parent\" data-id=\"91d2d1f\" data-element_type=\"container\">\n\t\t\t\t\t<div class=\"e-con-inner\">\n\t\t\t\t<div class=\"elementor-element elementor-element-1972c24 elementor-widget elementor-widget-heading\" data-id=\"1972c24\" data-element_type=\"widget\" data-widget_type=\"heading.default\">\n\t\t\t\t<div class=\"elementor-widget-container\">\n\t\t\t<h2 class=\"elementor-heading-title elementor-size-default\">Tarif et r\u00e9servations<\/h2>\t\t<\/div>\n\t\t\t\t<\/div>\n\t\t\t\t\t<\/div>\n\t\t\t\t<\/div>\n\t\t<div class=\"elementor-element elementor-element-a3be193 e-flex e-con-boxed e-con e-parent\" data-id=\"a3be193\" data-element_type=\"container\">\n\t\t\t\t\t<div class=\"e-con-inner\">\n\t\t\t\t<div class=\"elementor-element elementor-element-679fb60 elementor-widget elementor-widget-text-editor\" data-id=\"679fb60\" data-element_type=\"widget\" data-widget_type=\"text-editor.default\">\n\t\t\t\t<div class=\"elementor-widget-container\">\n\t\t\t\t\t\t\t<p><strong>Tarif<\/strong>: 320 euros par personne, logement et repas inclus.<\/p><p><strong>R\u00e9servations et demandes d&rsquo;informations<\/strong> suppl\u00e9mentaires via le formulaire de contact (en pied de page)<\/p>\t\t\t\t\t\t<\/div>\n\t\t\t\t<\/div>\n\t\t\t\t\t<\/div>\n\t\t\t\t<\/div>\n\t\t<div class=\"elementor-element elementor-element-c895113 e-flex e-con-boxed e-con e-parent\" data-id=\"c895113\" data-element_type=\"container\">\n\t\t\t\t\t<div class=\"e-con-inner\">\n\t\t\t\t<div class=\"elementor-element elementor-element-c2dcda6 elementor-widget elementor-widget-heading\" data-id=\"c2dcda6\" data-element_type=\"widget\" data-widget_type=\"heading.default\">\n\t\t\t\t<div class=\"elementor-widget-container\">\n\t\t\t<h2 class=\"elementor-heading-title elementor-size-default\">Les organisateurs<\/h2>\t\t<\/div>\n\t\t\t\t<\/div>\n\t\t\t\t\t<\/div>\n\t\t\t\t<\/div>\n\t\t<div class=\"elementor-element elementor-element-23b3a1a e-con-full e-flex e-con e-parent\" data-id=\"23b3a1a\" data-element_type=\"container\">\n\t\t<div class=\"elementor-element elementor-element-b21d781 e-con-full e-flex e-con e-child\" data-id=\"b21d781\" data-element_type=\"container\">\n\t\t\t\t<div class=\"elementor-element elementor-element-c8bbb53 elementor-widget elementor-widget-image\" data-id=\"c8bbb53\" data-element_type=\"widget\" data-widget_type=\"image.default\">\n\t\t\t\t<div class=\"elementor-widget-container\">\n\t\t\t\t\t\t\t\t\t\t\t\t\t<img fetchpriority=\"high\" decoding=\"async\" width=\"483\" height=\"481\" src=\"https:\/\/samadhi-massage.ovh\/wp-content\/uploads\/2024\/03\/Logo-ensol-FB_64KB.jpeg\" class=\"attachment-medium_large size-medium_large wp-image-55\" alt=\"\" srcset=\"https:\/\/samadhi-massage.ovh\/wp-content\/uploads\/2024\/03\/Logo-ensol-FB_64KB.jpeg 483w, https:\/\/samadhi-massage.ovh\/wp-content\/uploads\/2024\/03\/Logo-ensol-FB_64KB-300x300.jpeg 300w, https:\/\/samadhi-massage.ovh\/wp-content\/uploads\/2024\/03\/Logo-ensol-FB_64KB-150x150.jpeg 150w\" sizes=\"(max-width: 483px) 100vw, 483px\" \/>\t\t\t\t\t\t\t\t\t\t\t\t\t<\/div>\n\t\t\t\t<\/div>\n\t\t\t\t<\/div>\n\t\t<div class=\"elementor-element elementor-element-dedb029 e-con-full e-flex e-con e-child\" data-id=\"dedb029\" data-element_type=\"container\">\n\t\t\t\t<div class=\"elementor-element elementor-element-120e82d elementor-widget elementor-widget-image\" data-id=\"120e82d\" data-element_type=\"widget\" data-widget_type=\"image.default\">\n\t\t\t\t<div class=\"elementor-widget-container\">\n\t\t\t\t\t\t\t\t\t\t<figure class=\"wp-caption\">\n\t\t\t\t\t\t\t\t\t\t\t<a href=\"https:\/\/imacieux.wixsite.com\/santosha\/treatments\">\n\t\t\t\t\t\t\t<img decoding=\"async\" src=\"https:\/\/6.formation-wp.doublegcoaching.be\/wp-content\/uploads\/sites\/50\/2024\/03\/Logo-Santosha.png\" title=\"\" alt=\"\" loading=\"lazy\" \/>\t\t\t\t\t\t\t\t<\/a>\n\t\t\t\t\t\t\t\t\t\t\t<figcaption class=\"widget-image-caption wp-caption-text\">Santosha<\/figcaption>\n\t\t\t\t\t\t\t\t\t\t<\/figure>\n\t\t\t\t\t\t\t<\/div>\n\t\t\t\t<\/div>\n\t\t\t\t<\/div>\n\t\t<div class=\"elementor-element elementor-element-e41d031 e-con-full e-flex e-con e-child\" data-id=\"e41d031\" data-element_type=\"container\">\n\t\t\t\t<div class=\"elementor-element elementor-element-7e8b0ee elementor-widget elementor-widget-image\" data-id=\"7e8b0ee\" data-element_type=\"widget\" data-widget_type=\"image.default\">\n\t\t\t\t<div class=\"elementor-widget-container\">\n\t\t\t\t\t\t\t\t\t\t<figure class=\"wp-caption\">\n\t\t\t\t\t\t\t\t\t\t\t<a href=\"https:\/\/www.facebook.com\/search\/top?q=surya%20ayurv\u00e9da\">\n\t\t\t\t\t\t\t<img decoding=\"async\" src=\"https:\/\/6.formation-wp.doublegcoaching.be\/wp-content\/uploads\/sites\/50\/2024\/03\/Logo-Surya-Ayurveda.jpg\" title=\"\" alt=\"\" loading=\"lazy\" \/>\t\t\t\t\t\t\t\t<\/a>\n\t\t\t\t\t\t\t\t\t\t\t<figcaption class=\"widget-image-caption wp-caption-text\">Surya Ayurv\u00e9da<\/figcaption>\n\t\t\t\t\t\t\t\t\t\t<\/figure>\n\t\t\t\t\t\t\t<\/div>\n\t\t\t\t<\/div>\n\t\t\t\t<\/div>\n\t\t\t\t<\/div>\n\t\t\t\t<\/div>\n\t\t","protected":false},"excerpt":{"rendered":"<p>WE yoga et ayurveda Venez prendre du temps pour vous lors d\u2019un WE de l\u00e2cher-prise et de reconnexion en pleine nature. 3 professionnels dipl\u00f4m\u00e9s vous accueillent pour partager autour de l\u2019ayurv\u00e9da et du yoga (Vini yoga) O\u00f9 Samedi 1 et dimanche 2 juin 2014 Domaine de Mozet Rue du Tronquoy, 2 &#8211; 5340 Mozet, Belgique [&hellip;]<\/p>\n","protected":false},"author":1,"featured_media":0,"parent":0,"menu_order":0,"comment_status":"closed","ping_status":"closed","template":"","meta":{"footnotes":""},"_links":{"self":[{"href":"https:\/\/samadhi-massage.ovh\/index.php?rest_route=\/wp\/v2\/pages\/13071"}],"collection":[{"href":"https:\/\/samadhi-massage.ovh\/index.php?rest_route=\/wp\/v2\/pages"}],"about":[{"href":"https:\/\/samadhi-massage.ovh\/index.php?rest_route=\/wp\/v2\/types\/page"}],"author":[{"embeddable":true,"href":"https:\/\/samadhi-massage.ovh\/index.php?rest_route=\/wp\/v2\/users\/1"}],"replies":[{"embeddable":true,"href":"https:\/\/samadhi-massage.ovh\/index.php?rest_route=%2Fwp%2Fv2%2Fcomments&post=13071"}],"version-history":[{"count":0,"href":"https:\/\/samadhi-massage.ovh\/index.php?rest_route=\/wp\/v2\/pages\/13071\/revisions"}],"wp:attachment":[{"href":"https:\/\/samadhi-massage.ovh\/index.php?rest_route=%2Fwp%2Fv2%2Fmedia&parent=13071"}],"curies":[{"name":"wp","href":"https:\/\/api.w.org\/{rel}","templated":true}]}}