{"id":14,"date":"2024-03-12T11:46:24","date_gmt":"2024-03-12T10:46:24","guid":{"rendered":"https:\/\/6.formation-wp.doublegcoaching.be\/?page_id=14"},"modified":"2024-04-28T19:09:06","modified_gmt":"2024-04-28T17:09:06","slug":"cuisine","status":"publish","type":"page","link":"https:\/\/samadhi-massage.ovh\/?page_id=14","title":{"rendered":"Cuisine"},"content":{"rendered":"\t\t<div data-elementor-type=\"wp-page\" data-elementor-id=\"14\" class=\"elementor elementor-14\" data-elementor-post-type=\"page\">\n\t\t\t\t<div class=\"elementor-element elementor-element-0bdc1f7 e-flex e-con-boxed e-con e-parent\" data-id=\"0bdc1f7\" data-element_type=\"container\" data-settings=\"{&quot;background_background&quot;:&quot;classic&quot;}\">\n\t\t\t\t\t<div class=\"e-con-inner\">\n\t\t\t\t<div class=\"elementor-element elementor-element-b2764ae elementor-widget elementor-widget-text-editor\" data-id=\"b2764ae\" data-element_type=\"widget\" data-widget_type=\"text-editor.default\">\n\t\t\t\t<div class=\"elementor-widget-container\">\n\t\t\t<style>\/*! elementor - v3.21.0 - 25-04-2024 *\/\n.elementor-widget-text-editor.elementor-drop-cap-view-stacked .elementor-drop-cap{background-color:#69727d;color:#fff}.elementor-widget-text-editor.elementor-drop-cap-view-framed .elementor-drop-cap{color:#69727d;border:3px solid;background-color:transparent}.elementor-widget-text-editor:not(.elementor-drop-cap-view-default) .elementor-drop-cap{margin-top:8px}.elementor-widget-text-editor:not(.elementor-drop-cap-view-default) .elementor-drop-cap-letter{width:1em;height:1em}.elementor-widget-text-editor .elementor-drop-cap{float:left;text-align:center;line-height:1;font-size:50px}.elementor-widget-text-editor .elementor-drop-cap-letter{display:inline-block}<\/style>\t\t\t\t<p>L&rsquo;ayurv\u00e9da &#8211; litt\u00e9ralement, la \u00ab science de la vie \u00bb &#8211; est la science v\u00e9dique de gu\u00e9rison aussi bien pour le corps que pour l&rsquo;esprit. Ses origines remonteraient aux Vedas, un ensemble de textes r\u00e9v\u00e9l\u00e9s aux sages Indiens (les rishis) il y a 5000 ans.<\/p><p>Son but est triple : le maintien de la sant\u00e9, la gu\u00e9rison des maladies et la r\u00e9alisation de soi. Elle est aussi consid\u00e9r\u00e9e comme une science de l&rsquo;auto-gu\u00e9rison.<\/p><p><em><strong>L\u2019alimentation est un des 4 piliers sur lesquels elle s\u2019appuie<\/strong><\/em>\u00a0 (les autres \u00e9tant la m\u00e9decine par les plantes, les massages et le yoga).<\/p><p><strong><em>La cuisine ayurv\u00e9dique est une cuisine v\u00e9g\u00e9tarienne savoureuse et color\u00e9e<\/em><\/strong> qui utilise les \u00e9pices pour faciliter la digestion ou corriger certains d\u00e9s\u00e9quilibres. L\u2019alimentation est adapt\u00e9e \u00e0 la constitution et la condition de la personne.<\/p>\t\t\t\t\t\t<\/div>\n\t\t\t\t<\/div>\n\t\t\t\t<div class=\"elementor-element elementor-element-8d5f95c elementor-arrows-position-inside elementor-pagination-position-outside elementor-widget elementor-widget-image-carousel\" data-id=\"8d5f95c\" data-element_type=\"widget\" data-settings=\"{&quot;navigation&quot;:&quot;both&quot;,&quot;autoplay&quot;:&quot;yes&quot;,&quot;pause_on_hover&quot;:&quot;yes&quot;,&quot;pause_on_interaction&quot;:&quot;yes&quot;,&quot;autoplay_speed&quot;:5000,&quot;infinite&quot;:&quot;yes&quot;,&quot;speed&quot;:500}\" data-widget_type=\"image-carousel.default\">\n\t\t\t\t<div class=\"elementor-widget-container\">\n\t\t\t<style>\/*! elementor - v3.21.0 - 25-04-2024 *\/\n.elementor-widget-image-carousel .swiper,.elementor-widget-image-carousel .swiper-container{position:static}.elementor-widget-image-carousel .swiper-container .swiper-slide figure,.elementor-widget-image-carousel .swiper .swiper-slide figure{line-height:inherit}.elementor-widget-image-carousel .swiper-slide{text-align:center}.elementor-image-carousel-wrapper:not(.swiper-container-initialized):not(.swiper-initialized) .swiper-slide{max-width:calc(100% \/ var(--e-image-carousel-slides-to-show, 3))}<\/style>\t\t<div class=\"elementor-image-carousel-wrapper swiper\" dir=\"ltr\">\n\t\t\t<div class=\"elementor-image-carousel swiper-wrapper\" aria-live=\"off\">\n\t\t\t\t\t\t\t\t<div class=\"swiper-slide\" role=\"group\" aria-roledescription=\"slide\" aria-label=\"1 sur 10\"><figure class=\"swiper-slide-inner\"><img decoding=\"async\" class=\"swiper-slide-image\" src=\"https:\/\/6.formation-wp.doublegcoaching.be\/wp-content\/uploads\/sites\/50\/2024\/03\/Assiette-ayurvedique.jpg\" alt=\"\" \/><\/figure><\/div><div class=\"swiper-slide\" role=\"group\" aria-roledescription=\"slide\" aria-label=\"2 sur 10\"><figure class=\"swiper-slide-inner\"><img decoding=\"async\" class=\"swiper-slide-image\" src=\"https:\/\/samadhi-massage.ovh\/wp-content\/uploads\/2024\/03\/cuisine-ayurvedique3.jpg\" alt=\"cuisine ayurv\u00e9dique3\" \/><\/figure><\/div><div class=\"swiper-slide\" role=\"group\" aria-roledescription=\"slide\" aria-label=\"3 sur 10\"><figure class=\"swiper-slide-inner\"><img decoding=\"async\" class=\"swiper-slide-image\" src=\"https:\/\/samadhi-massage.ovh\/wp-content\/uploads\/2024\/03\/cuisine-ayurvedique-2-768x512.jpg\" alt=\"Female hand with knife cuts bell pepper in kitchen. Cooking vegetables\" \/><\/figure><\/div><div class=\"swiper-slide\" role=\"group\" aria-roledescription=\"slide\" aria-label=\"4 sur 10\"><figure class=\"swiper-slide-inner\"><img decoding=\"async\" class=\"swiper-slide-image\" src=\"https:\/\/samadhi-massage.ovh\/wp-content\/uploads\/2024\/03\/Epices-768x576.jpeg\" alt=\"Various Spices on grunge background\" \/><\/figure><\/div><div class=\"swiper-slide\" role=\"group\" aria-roledescription=\"slide\" aria-label=\"5 sur 10\"><figure class=\"swiper-slide-inner\"><img decoding=\"async\" class=\"swiper-slide-image\" src=\"https:\/\/samadhi-massage.ovh\/wp-content\/uploads\/2024\/03\/galettes-cereales.jpg\" alt=\"galettes-cereales\" \/><\/figure><\/div><div class=\"swiper-slide\" role=\"group\" aria-roledescription=\"slide\" aria-label=\"6 sur 10\"><figure class=\"swiper-slide-inner\"><img decoding=\"async\" class=\"swiper-slide-image\" src=\"https:\/\/samadhi-massage.ovh\/wp-content\/uploads\/2024\/03\/Legumes-768x576.jpg\" alt=\"L\u00e9gumes\" \/><\/figure><\/div><div class=\"swiper-slide\" role=\"group\" aria-roledescription=\"slide\" aria-label=\"7 sur 10\"><figure class=\"swiper-slide-inner\"><img decoding=\"async\" class=\"swiper-slide-image\" src=\"https:\/\/samadhi-massage.ovh\/wp-content\/uploads\/2024\/03\/Legumineuses.jpg\" alt=\"L\u00e9gumineuses\" \/><\/figure><\/div><div class=\"swiper-slide\" role=\"group\" aria-roledescription=\"slide\" aria-label=\"8 sur 10\"><figure class=\"swiper-slide-inner\"><img decoding=\"async\" class=\"swiper-slide-image\" src=\"https:\/\/samadhi-massage.ovh\/wp-content\/uploads\/2024\/03\/Curry-legumes.jpg\" alt=\"Curry l\u00e9gumes\" \/><\/figure><\/div><div class=\"swiper-slide\" role=\"group\" aria-roledescription=\"slide\" aria-label=\"9 sur 10\"><figure class=\"swiper-slide-inner\"><img decoding=\"async\" class=\"swiper-slide-image\" src=\"https:\/\/samadhi-massage.ovh\/wp-content\/uploads\/2024\/03\/cuisine_ayurvedique-1-768x346.jpg\" alt=\"cuisine_ayurvedique-1\" \/><\/figure><\/div><div class=\"swiper-slide\" role=\"group\" aria-roledescription=\"slide\" aria-label=\"10 sur 10\"><figure class=\"swiper-slide-inner\"><img decoding=\"async\" class=\"swiper-slide-image\" src=\"https:\/\/samadhi-massage.ovh\/wp-content\/uploads\/2024\/03\/cereales-768x513.jpg\" alt=\"cereales\" \/><\/figure><\/div>\t\t\t<\/div>\n\t\t\t\t\t\t\t\t\t\t\t\t<div class=\"elementor-swiper-button elementor-swiper-button-prev\" role=\"button\" tabindex=\"0\">\n\t\t\t\t\t\t<svg aria-hidden=\"true\" class=\"e-font-icon-svg e-eicon-chevron-left\" viewBox=\"0 0 1000 1000\" xmlns=\"http:\/\/www.w3.org\/2000\/svg\"><path d=\"M646 125C629 125 613 133 604 142L308 442C296 454 292 471 292 487 292 504 296 521 308 533L604 854C617 867 629 875 646 875 663 875 679 871 692 858 704 846 713 829 713 812 713 796 708 779 692 767L438 487 692 225C700 217 708 204 708 187 708 171 704 154 692 142 675 129 663 125 646 125Z\"><\/path><\/svg>\t\t\t\t\t<\/div>\n\t\t\t\t\t<div class=\"elementor-swiper-button elementor-swiper-button-next\" role=\"button\" tabindex=\"0\">\n\t\t\t\t\t\t<svg aria-hidden=\"true\" class=\"e-font-icon-svg e-eicon-chevron-right\" viewBox=\"0 0 1000 1000\" xmlns=\"http:\/\/www.w3.org\/2000\/svg\"><path d=\"M696 533C708 521 713 504 713 487 713 471 708 454 696 446L400 146C388 133 375 125 354 125 338 125 325 129 313 142 300 154 292 171 292 187 292 204 296 221 308 233L563 492 304 771C292 783 288 800 288 817 288 833 296 850 308 863 321 871 338 875 354 875 371 875 388 867 400 854L696 533Z\"><\/path><\/svg>\t\t\t\t\t<\/div>\n\t\t\t\t\n\t\t\t\t\t\t\t\t\t<div class=\"swiper-pagination\"><\/div>\n\t\t\t\t\t\t\t\t\t<\/div>\n\t\t\t\t<\/div>\n\t\t\t\t<\/div>\n\t\t\t\t\t<\/div>\n\t\t\t\t<\/div>\n\t\t<div class=\"elementor-element elementor-element-012514f e-flex e-con-boxed e-con e-parent\" data-id=\"012514f\" data-element_type=\"container\">\n\t\t\t\t\t<div class=\"e-con-inner\">\n\t\t\t\t<div class=\"elementor-element elementor-element-5d1a24b elementor-widget elementor-widget-heading\" data-id=\"5d1a24b\" data-element_type=\"widget\" data-widget_type=\"heading.default\">\n\t\t\t\t<div class=\"elementor-widget-container\">\n\t\t\t<style>\/*! elementor - v3.21.0 - 25-04-2024 *\/\n.elementor-heading-title{padding:0;margin:0;line-height:1}.elementor-widget-heading .elementor-heading-title[class*=elementor-size-]>a{color:inherit;font-size:inherit;line-height:inherit}.elementor-widget-heading .elementor-heading-title.elementor-size-small{font-size:15px}.elementor-widget-heading .elementor-heading-title.elementor-size-medium{font-size:19px}.elementor-widget-heading .elementor-heading-title.elementor-size-large{font-size:29px}.elementor-widget-heading .elementor-heading-title.elementor-size-xl{font-size:39px}.elementor-widget-heading .elementor-heading-title.elementor-size-xxl{font-size:59px}<\/style><h2 class=\"elementor-heading-title elementor-size-default\">Ateliers cuisine<\/h2>\t\t<\/div>\n\t\t\t\t<\/div>\n\t\t\t\t\t<\/div>\n\t\t\t\t<\/div>\n\t\t<div class=\"elementor-element elementor-element-c5e80e7 e-flex e-con-boxed e-con e-parent\" data-id=\"c5e80e7\" data-element_type=\"container\" data-settings=\"{&quot;background_background&quot;:&quot;classic&quot;}\">\n\t\t\t\t\t<div class=\"e-con-inner\">\n\t\t\t\t<div class=\"elementor-element elementor-element-e32811e elementor-widget elementor-widget-text-editor\" data-id=\"e32811e\" data-element_type=\"widget\" data-widget_type=\"text-editor.default\">\n\t\t\t\t<div class=\"elementor-widget-container\">\n\t\t\t\t\t\t\t<p>Dans les ateliers, vous apprendrez les bonnes associations d\u2019aliments, vous d\u00e9couvrirez de nouvelles \u00e9pices et comment les combiner en fonction de l\u2019effet recherch\u00e9, comment \u00e9quilibrer les 6 saveurs: vous verrez que la cuisine v\u00e9g\u00e9tarienne n\u2019est pas \u00ab\u00a0ennuyeuse\u00a0\u00bb, et m\u00eame si vous \u00eates plut\u00f4t carnivores, vous pourrez adapter les principes appris \u00e0 votre cuisine quotidienne.<\/p><p>Vous apprendrez \u00e9galement \u00e0 pr\u00e9parer vos propres tisanes.<\/p><p>Nous d\u00e9gusterons ensuite nos cr\u00e9ations dans une ambiance conviviale.<\/p>\t\t\t\t\t\t<\/div>\n\t\t\t\t<\/div>\n\t\t\t\t\t<\/div>\n\t\t\t\t<\/div>\n\t\t<div class=\"elementor-element elementor-element-1fcd0af e-flex e-con-boxed e-con e-parent\" data-id=\"1fcd0af\" data-element_type=\"container\">\n\t\t\t\t\t<div class=\"e-con-inner\">\n\t\t<div class=\"elementor-element elementor-element-957afe8 e-con-full e-flex e-con e-child\" data-id=\"957afe8\" data-element_type=\"container\">\n\t\t\t\t<div class=\"elementor-element elementor-element-8c85801 elementor-widget elementor-widget-image\" data-id=\"8c85801\" data-element_type=\"widget\" data-widget_type=\"image.default\">\n\t\t\t\t<div class=\"elementor-widget-container\">\n\t\t\t<style>\/*! elementor - v3.21.0 - 25-04-2024 *\/\n.elementor-widget-image{text-align:center}.elementor-widget-image a{display:inline-block}.elementor-widget-image a img[src$=\".svg\"]{width:48px}.elementor-widget-image img{vertical-align:middle;display:inline-block}<\/style>\t\t\t\t\t\t\t\t\t\t<img fetchpriority=\"high\" decoding=\"async\" width=\"768\" height=\"1024\" src=\"https:\/\/samadhi-massage.ovh\/wp-content\/uploads\/2024\/04\/Atelier-cuisine-masque-768x1024.jpg\" class=\"attachment-large size-large wp-image-13259\" alt=\"\" srcset=\"https:\/\/samadhi-massage.ovh\/wp-content\/uploads\/2024\/04\/Atelier-cuisine-masque-768x1024.jpg 768w, https:\/\/samadhi-massage.ovh\/wp-content\/uploads\/2024\/04\/Atelier-cuisine-masque-225x300.jpg 225w, https:\/\/samadhi-massage.ovh\/wp-content\/uploads\/2024\/04\/Atelier-cuisine-masque-1152x1536.jpg 1152w, https:\/\/samadhi-massage.ovh\/wp-content\/uploads\/2024\/04\/Atelier-cuisine-masque-1536x2048.jpg 1536w, https:\/\/samadhi-massage.ovh\/wp-content\/uploads\/2024\/04\/Atelier-cuisine-masque-scaled.jpg 1920w\" sizes=\"(max-width: 768px) 100vw, 768px\" \/>\t\t\t\t\t\t\t\t\t\t\t\t\t<\/div>\n\t\t\t\t<\/div>\n\t\t\t\t<\/div>\n\t\t<div class=\"elementor-element elementor-element-adf5404 e-con-full e-flex e-con e-child\" data-id=\"adf5404\" data-element_type=\"container\">\n\t\t\t\t<div class=\"elementor-element elementor-element-6fbc036 elementor-widget elementor-widget-text-editor\" data-id=\"6fbc036\" data-element_type=\"widget\" data-widget_type=\"text-editor.default\">\n\t\t\t\t<div class=\"elementor-widget-container\">\n\t\t\t\t\t\t\t<p>Vous avez envie de passer un bon moment de d\u00e9tente entre amis ou en famille?<\/p><p>Je peux \u00e9galement organiser des ateliers sur mesure sur les th\u00e8mes qui vous int\u00e9ressent, par exemple: p\u00e2tisserie, pains, cuisine fran\u00e7aise et du monde, ateliers pour enfants&#8230;.<\/p>\t\t\t\t\t\t<\/div>\n\t\t\t\t<\/div>\n\t\t\t\t<\/div>\n\t\t\t\t\t<\/div>\n\t\t\t\t<\/div>\n\t\t\t\t<\/div>\n\t\t","protected":false},"excerpt":{"rendered":"<p>L&rsquo;ayurv\u00e9da &#8211; litt\u00e9ralement, la \u00ab science de la vie \u00bb &#8211; est la science v\u00e9dique de gu\u00e9rison aussi bien pour le corps que pour l&rsquo;esprit. Ses origines remonteraient aux Vedas, un ensemble de textes r\u00e9v\u00e9l\u00e9s aux sages Indiens (les rishis) il y a 5000 ans. Son but est triple : le maintien de la sant\u00e9, [&hellip;]<\/p>\n","protected":false},"author":1,"featured_media":0,"parent":0,"menu_order":0,"comment_status":"closed","ping_status":"closed","template":"","meta":{"footnotes":""},"_links":{"self":[{"href":"https:\/\/samadhi-massage.ovh\/index.php?rest_route=\/wp\/v2\/pages\/14"}],"collection":[{"href":"https:\/\/samadhi-massage.ovh\/index.php?rest_route=\/wp\/v2\/pages"}],"about":[{"href":"https:\/\/samadhi-massage.ovh\/index.php?rest_route=\/wp\/v2\/types\/page"}],"author":[{"embeddable":true,"href":"https:\/\/samadhi-massage.ovh\/index.php?rest_route=\/wp\/v2\/users\/1"}],"replies":[{"embeddable":true,"href":"https:\/\/samadhi-massage.ovh\/index.php?rest_route=%2Fwp%2Fv2%2Fcomments&post=14"}],"version-history":[{"count":6,"href":"https:\/\/samadhi-massage.ovh\/index.php?rest_route=\/wp\/v2\/pages\/14\/revisions"}],"predecessor-version":[{"id":13277,"href":"https:\/\/samadhi-massage.ovh\/index.php?rest_route=\/wp\/v2\/pages\/14\/revisions\/13277"}],"wp:attachment":[{"href":"https:\/\/samadhi-massage.ovh\/index.php?rest_route=%2Fwp%2Fv2%2Fmedia&parent=14"}],"curies":[{"name":"wp","href":"https:\/\/api.w.org\/{rel}","templated":true}]}}